{"id":135,"date":"2020-06-09T12:55:10","date_gmt":"2020-06-09T12:55:10","guid":{"rendered":"https:\/\/stockholm52.qodeinteractive.com\/?page_id=135"},"modified":"2021-03-25T08:55:55","modified_gmt":"2021-03-25T08:55:55","slug":"kontakt","status":"publish","type":"page","link":"https:\/\/dalmatianpearls.com\/hr\/kontakt\/","title":{"rendered":"Kontakt"},"content":{"rendered":"\t\t<div data-elementor-type=\"wp-page\" data-elementor-id=\"135\" class=\"elementor elementor-135\">\n\t\t\t\t\t\t<section class=\"elementor-section elementor-top-section elementor-element elementor-element-5d42ecf elementor-section-full_width naslovni-banner elementor-section-height-default elementor-section-height-default parallax_section_no qode_elementor_container_no qode-content-aligment-left\" data-id=\"5d42ecf\" data-element_type=\"section\" data-e-type=\"section\">\n\t\t\t\t\t\t\t<div class=\"elementor-background-overlay\"><\/div>\n\t\t\t\t\t\t\t<div class=\"elementor-container elementor-column-gap-default\">\n\t\t\t\t\t<div class=\"elementor-column elementor-col-100 elementor-top-column elementor-element elementor-element-b38f486\" data-id=\"b38f486\" data-element_type=\"column\" data-e-type=\"column\">\n\t\t\t<div class=\"elementor-widget-wrap elementor-element-populated\">\n\t\t\t\t\t\t<div class=\"elementor-element elementor-element-b1bde09 elementor-widget elementor-widget-slider_revolution\" data-id=\"b1bde09\" data-element_type=\"widget\" data-e-type=\"widget\" data-widget_type=\"slider_revolution.default\">\n\t\t\t\t<div class=\"elementor-widget-container\">\n\t\t\t\t\t\r\n\t\t<div class=\"wp-block-themepunch-revslider\">\n\t\t\t<!-- START kontakt REVOLUTION SLIDER 6.3.8 --><p class=\"rs-p-wp-fix\"><\/p>\n\t\t\t<rs-module-wrap id=\"rev_slider_6_1_wrapper\" data-source=\"gallery\" style=\"background:transparent;padding:0;margin:0px auto;margin-top:0;margin-bottom:0;\">\n\t\t\t\t<rs-module id=\"rev_slider_6_1\" style=\"\" data-version=\"6.3.8\">\n\t\t\t\t\t<rs-slides>\n\t\t\t\t\t\t<rs-slide data-key=\"rs-14\" data-title=\"Slide\" data-anim=\"ei:d;eo:d;s:1000;r:0;t:fade;sl:0;\">\n\t\t\t\t\t\t\t<img fetchpriority=\"high\" decoding=\"async\" src=\"\/\/dalmatianpearls.com\/wp-content\/uploads\/2021\/02\/double-bed-bedroom.jpg\" title=\"double bed bedroom\" width=\"1920\" height=\"1280\" data-parallax=\"off\" class=\"rev-slidebg\" data-no-retina>\n<!--\n\t\t\t\t\t\t\t--><rs-layer\n\t\t\t\t\t\t\t\tid=\"slider-6-slide-14-layer-0\" \n\t\t\t\t\t\t\t\tdata-type=\"text\"\n\t\t\t\t\t\t\t\tdata-xy=\"x:c;y:m;yo:-108px,-108px,-22px,-15px;\"\n\t\t\t\t\t\t\t\tdata-text=\"w:normal;s:64,65,70,45;l:74,72,72,50;a:center;\"\n\t\t\t\t\t\t\t\tdata-dim=\"w:auto,auto,623px,321px;\"\n\t\t\t\t\t\t\t\tdata-frame_0=\"y:50;\"\n\t\t\t\t\t\t\t\tdata-frame_1=\"e:power2.inOut;st:60;sp:1000;sR:60;\"\n\t\t\t\t\t\t\t\tdata-frame_999=\"o:0;e:power2.inOut;st:w;sp:1000;sR:3940;\"\n\t\t\t\t\t\t\t\tstyle=\"z-index:9;font-family:Cormorant Garamond;\"\n\t\t\t\t\t\t\t>KONTAKT \n\t\t\t\t\t\t\t<\/rs-layer><!--\n\n\t\t\t\t\t\t\t--><rs-layer\n\t\t\t\t\t\t\t\tid=\"slider-6-slide-14-layer-3\" \n\t\t\t\t\t\t\t\tdata-type=\"shape\"\n\t\t\t\t\t\t\t\tdata-text=\"w:normal;\"\n\t\t\t\t\t\t\t\tdata-dim=\"w:100%;h:100%;\"\n\t\t\t\t\t\t\t\tdata-basealign=\"slide\"\n\t\t\t\t\t\t\t\tdata-rsp_o=\"off\"\n\t\t\t\t\t\t\t\tdata-rsp_bd=\"off\"\n\t\t\t\t\t\t\t\tdata-frame_999=\"o:0;st:w;sp:1000;sR:4700;\"\n\t\t\t\t\t\t\t\tstyle=\"z-index:8;background-color:rgba(0,0,0,0.24);\"\n\t\t\t\t\t\t\t> \n\t\t\t\t\t\t\t<\/rs-layer><!--\n-->\t\t\t\t\t\t<\/rs-slide>\n\t\t\t\t\t<\/rs-slides>\n\t\t\t\t<\/rs-module>\n\t\t\t\t<script type=\"text\/javascript\">\n\t\t\t\t\tsetREVStartSize({c: 'rev_slider_6_1',rl:[1240,1024,778,480],el:[900,768,436,270],gw:[1240,1024,776,480],gh:[900,768,436,270],type:'standard',justify:'',layout:'fullwidth',mh:\"0\"});\n\t\t\t\t\tvar\trevapi6,\n\t\t\t\t\t\ttpj;\n\t\t\t\t\tfunction revinit_revslider61() {\n\t\t\t\t\tjQuery(function() {\n\t\t\t\t\t\ttpj = jQuery;\n\t\t\t\t\t\trevapi6 = tpj(\"#rev_slider_6_1\");\n\t\t\t\t\t\tif(revapi6==undefined || revapi6.revolution == undefined){\n\t\t\t\t\t\t\trevslider_showDoubleJqueryError(\"rev_slider_6_1\");\n\t\t\t\t\t\t}else{\n\t\t\t\t\t\t\trevapi6.revolution({\n\t\t\t\t\t\t\t\tsliderLayout:\"fullwidth\",\n\t\t\t\t\t\t\t\tduration:\"5000ms\",\n\t\t\t\t\t\t\t\tvisibilityLevels:\"1240,1024,778,480\",\n\t\t\t\t\t\t\t\tgridwidth:\"1240,1024,776,480\",\n\t\t\t\t\t\t\t\tgridheight:\"900,768,436,270\",\n\t\t\t\t\t\t\t\tperspective:600,\n\t\t\t\t\t\t\t\tperspectiveType:\"global\",\n\t\t\t\t\t\t\t\teditorheight:\"900,768,436,270\",\n\t\t\t\t\t\t\t\tresponsiveLevels:\"1240,1024,778,480\",\n\t\t\t\t\t\t\t\tstartWithSlide:1,\n\t\t\t\t\t\t\t\tprogressBar:{disableProgressBar:true},\n\t\t\t\t\t\t\t\tnavigation: {\n\t\t\t\t\t\t\t\t\tonHoverStop:false\n\t\t\t\t\t\t\t\t},\n\t\t\t\t\t\t\t\tparallax: {\n\t\t\t\t\t\t\t\t\tlevels:[5,10,15,20,25,30,35,40,45,46,47,48,49,50,51,30],\n\t\t\t\t\t\t\t\t\ttype:\"scroll\",\n\t\t\t\t\t\t\t\t\torigo:\"slidercenter\",\n\t\t\t\t\t\t\t\t\tspeed:0\n\t\t\t\t\t\t\t\t},\n\t\t\t\t\t\t\t\tfallbacks: {\n\t\t\t\t\t\t\t\t\tallowHTML5AutoPlayOnAndroid:true\n\t\t\t\t\t\t\t\t},\n\t\t\t\t\t\t\t});\n\t\t\t\t\t\t}\n\t\t\t\t\t\t\n\t\t\t\t\t});\n\t\t\t\t\t} \/\/ End of RevInitScript\n\t\t\t\tvar once_revslider61 = false;\n\t\t\t\tif (document.readyState === \"loading\") {document.addEventListener('readystatechange',function() { if((document.readyState === \"interactive\" || document.readyState === \"complete\") && !once_revslider61 ) { once_revslider61 = true; revinit_revslider61();}});} else {once_revslider61 = true; revinit_revslider61();}\n\t\t\t\t<\/script>\n\t\t\t<\/rs-module-wrap>\n\t\t\t<!-- END REVOLUTION SLIDER -->\n<\/div>\r\n\r\n\t\t\t\t\t\t<\/div>\n\t\t\t\t<\/div>\n\t\t\t\t\t<\/div>\n\t\t<\/div>\n\t\t\t\t\t<\/div>\n\t\t<\/section>\n\t\t\t\t<section class=\"elementor-section elementor-top-section elementor-element elementor-element-3143249 elementor-section-full_width qode_elementor_container_inner elementor-section-height-default elementor-section-height-default parallax_section_no qode-content-aligment-left\" data-id=\"3143249\" data-element_type=\"section\" data-e-type=\"section\">\n\t\t\t\t\t\t<div class=\"elementor-container elementor-column-gap-default\">\n\t\t\t\t\t<div class=\"elementor-column elementor-col-50 elementor-top-column elementor-element elementor-element-69601d6\" data-id=\"69601d6\" data-element_type=\"column\" data-e-type=\"column\">\n\t\t\t<div class=\"elementor-widget-wrap elementor-element-populated\">\n\t\t\t\t\t\t<div class=\"elementor-element elementor-element-4a12911 elementor-widget elementor-widget-text-editor\" data-id=\"4a12911\" data-element_type=\"widget\" data-e-type=\"widget\" data-widget_type=\"text-editor.default\">\n\t\t\t\t<div class=\"elementor-widget-container\">\n\t\t\t\t\t\t\t\t\t<h3>Imate pitanje? Po\u0161aljite upit.<\/h3>\t\t\t\t\t\t\t\t<\/div>\n\t\t\t\t<\/div>\n\t\t\t\t<div class=\"elementor-element elementor-element-337a791 elementor-widget elementor-widget-text-editor\" data-id=\"337a791\" data-element_type=\"widget\" data-e-type=\"widget\" data-widget_type=\"text-editor.default\">\n\t\t\t\t<div class=\"elementor-widget-container\">\n\t\t\t\t\t\t\t\t\tRado \u0107emo Vam pomo\u0107i i odgovoriti na Va\u0161e upite.\t\t\t\t\t\t\t\t<\/div>\n\t\t\t\t<\/div>\n\t\t\t\t<div class=\"elementor-element elementor-element-53ef08b elementor-widget elementor-widget-stockholm_cf_7\" data-id=\"53ef08b\" data-element_type=\"widget\" data-e-type=\"widget\" data-widget_type=\"stockholm_cf_7.default\">\n\t\t\t\t<div class=\"elementor-widget-container\">\n\t\t\t\t\t    <div class=\"qode-contact-form-7 qode-contact-form-7-0\">\n    \n<div class=\"wpcf7 no-js\" id=\"wpcf7-f134-o1\" lang=\"en-US\" dir=\"ltr\" data-wpcf7-id=\"134\">\n<div class=\"screen-reader-response\"><p role=\"status\" aria-live=\"polite\" aria-atomic=\"true\"><\/p> <ul><\/ul><\/div>\n<form action=\"\/hr\/wp-json\/wp\/v2\/pages\/135#wpcf7-f134-o1\" method=\"post\" class=\"wpcf7-form init cf7_custom_style_1\" aria-label=\"Contact form\" novalidate=\"novalidate\" data-status=\"init\">\n<fieldset class=\"hidden-fields-container\"><input type=\"hidden\" name=\"_wpcf7\" value=\"134\" \/><input type=\"hidden\" name=\"_wpcf7_version\" value=\"6.1.5\" \/><input type=\"hidden\" name=\"_wpcf7_locale\" value=\"en_US\" \/><input type=\"hidden\" name=\"_wpcf7_unit_tag\" value=\"wpcf7-f134-o1\" \/><input type=\"hidden\" name=\"_wpcf7_container_post\" value=\"0\" \/><input type=\"hidden\" name=\"_wpcf7_posted_data_hash\" value=\"\" \/><input type=\"hidden\" name=\"_wpcf7_recaptcha_response\" value=\"\" \/>\n<\/fieldset>\n<div>\n\t<p><span class=\"wpcf7-form-control-wrap\" data-name=\"your-name\"><input size=\"40\" maxlength=\"400\" class=\"wpcf7-form-control wpcf7-text wpcf7-validates-as-required\" aria-required=\"true\" aria-invalid=\"false\" placeholder=\"Ime\" value=\"\" type=\"text\" name=\"your-name\" \/><\/span>\n\t<\/p>\n<\/div>\n<div>\n\t<p><span class=\"wpcf7-form-control-wrap\" data-name=\"your-email\"><input size=\"40\" maxlength=\"400\" class=\"wpcf7-form-control wpcf7-email wpcf7-validates-as-required wpcf7-text wpcf7-validates-as-email\" aria-required=\"true\" aria-invalid=\"false\" placeholder=\"E-mail\" value=\"\" type=\"email\" name=\"your-email\" \/><\/span>\n\t<\/p>\n<\/div>\n<div>\n\t<p><span class=\"wpcf7-form-control-wrap\" data-name=\"your-message\"><textarea cols=\"40\" rows=\"10\" maxlength=\"2000\" class=\"wpcf7-form-control wpcf7-textarea\" aria-invalid=\"false\" placeholder=\"Poruka\" name=\"your-message\"><\/textarea><\/span>\n\t<\/p>\n<\/div>\n<div>\n\t<p><span class=\"wpcf7-form-control-wrap\" data-name=\"gdpr-acceptance\"><span class=\"wpcf7-form-control wpcf7-acceptance\"><span class=\"wpcf7-list-item\"><label><input type=\"checkbox\" name=\"gdpr-acceptance\" value=\"1\" aria-invalid=\"false\" \/><span class=\"wpcf7-list-item-label\">Ozna\u010dite kako biste pristali na to da se va\u0161i podaci pohranjuju u skladu sa smjernicama navedenim u na\u0161im <a href=\"\/hr\/pravila-privatnosti\/\" target=\"_blank\">pravilima o privatnosti<\/a><\/span><\/label><\/span><\/span><\/span>\n\t<\/p>\n<\/div>\n<div class=\"qode-cf-submit-holder\">\n\t<p><input class=\"wpcf7-form-control wpcf7-submit has-spinner\" type=\"submit\" value=\"Po\u0161alji\" \/>\n\t<\/p>\n<\/div><div class=\"wpcf7-response-output\" aria-hidden=\"true\"><\/div>\n<\/form>\n<\/div>\n    <\/div>\n\t\t\t\t<\/div>\n\t\t\t\t<\/div>\n\t\t\t\t\t<\/div>\n\t\t<\/div>\n\t\t\t\t<div class=\"elementor-column elementor-col-50 elementor-top-column elementor-element elementor-element-df6e7cd rasiri kontakt\" data-id=\"df6e7cd\" data-element_type=\"column\" data-e-type=\"column\">\n\t\t\t<div class=\"elementor-widget-wrap elementor-element-populated\">\n\t\t\t\t\t\t<div class=\"elementor-element elementor-element-d35e5da elementor-widget elementor-widget-image\" data-id=\"d35e5da\" data-element_type=\"widget\" data-e-type=\"widget\" data-widget_type=\"image.default\">\n\t\t\t\t<div class=\"elementor-widget-container\">\n\t\t\t\t\t\t\t\t\t\t\t\t\t\t\t<img decoding=\"async\" width=\"385\" height=\"194\" src=\"https:\/\/dalmatianpearls.com\/wp-content\/uploads\/2021\/03\/dalmperl-black.png\" class=\"attachment-full size-full wp-image-1076\" alt=\"\" srcset=\"https:\/\/dalmatianpearls.com\/wp-content\/uploads\/2021\/03\/dalmperl-black.png 385w, https:\/\/dalmatianpearls.com\/wp-content\/uploads\/2021\/03\/dalmperl-black-300x151.png 300w\" sizes=\"(max-width: 385px) 100vw, 385px\" \/>\t\t\t\t\t\t\t\t\t\t\t\t\t\t\t<\/div>\n\t\t\t\t<\/div>\n\t\t\t\t<section class=\"elementor-section elementor-inner-section elementor-element elementor-element-268dd46 elementor-section-boxed elementor-section-height-default elementor-section-height-default parallax_section_no qode_elementor_container_no qode-content-aligment-left\" data-id=\"268dd46\" data-element_type=\"section\" data-e-type=\"section\">\n\t\t\t\t\t\t<div class=\"elementor-container elementor-column-gap-default\">\n\t\t\t\t\t<div class=\"elementor-column elementor-col-33 elementor-inner-column elementor-element elementor-element-75a423a\" data-id=\"75a423a\" data-element_type=\"column\" data-e-type=\"column\">\n\t\t\t<div class=\"elementor-widget-wrap elementor-element-populated\">\n\t\t\t\t\t\t<div class=\"elementor-element elementor-element-92deaea elementor-view-default elementor-position-block-start elementor-mobile-position-block-start elementor-widget elementor-widget-icon-box\" data-id=\"92deaea\" data-element_type=\"widget\" data-e-type=\"widget\" data-widget_type=\"icon-box.default\">\n\t\t\t\t<div class=\"elementor-widget-container\">\n\t\t\t\t\t\t\t<div class=\"elementor-icon-box-wrapper\">\n\n\t\t\t\t\t\t<div class=\"elementor-icon-box-icon\">\n\t\t\t\t<a href=\"https:\/\/www.google.com\/maps\/place\/Dalmatian+Pearls+Deluxe+Homes\/@43.9374746,15.3877222,17z\/data=!3m1!4b1!4m5!3m4!1s0x1334b52371a79d47:0xdfc1da842e638d1e!8m2!3d43.9374746!4d15.3899109\" target=\"_blank\" class=\"elementor-icon\" tabindex=\"-1\" aria-label=\"Adresa\">\n\t\t\t\t<i aria-hidden=\"true\" class=\"fas fa-map-marked-alt\"><\/i>\t\t\t\t<\/a>\n\t\t\t<\/div>\n\t\t\t\n\t\t\t\t\t\t<div class=\"elementor-icon-box-content\">\n\n\t\t\t\t\t\t\t\t\t<h5 class=\"elementor-icon-box-title\">\n\t\t\t\t\t\t<a href=\"https:\/\/www.google.com\/maps\/place\/Dalmatian+Pearls+Deluxe+Homes\/@43.9374746,15.3877222,17z\/data=!3m1!4b1!4m5!3m4!1s0x1334b52371a79d47:0xdfc1da842e638d1e!8m2!3d43.9374746!4d15.3899109\" target=\"_blank\" >\n\t\t\t\t\t\t\tAdresa\t\t\t\t\t\t<\/a>\n\t\t\t\t\t<\/h5>\n\t\t\t\t\n\t\t\t\t\t\t\t\t\t<p class=\"elementor-icon-box-description\">\n\t\t\t\t\t\tSv. Duje 11a, b, c,\n23212 Kraj, Hrvatska\t\t\t\t\t<\/p>\n\t\t\t\t\n\t\t\t<\/div>\n\t\t\t\n\t\t<\/div>\n\t\t\t\t\t\t<\/div>\n\t\t\t\t<\/div>\n\t\t\t\t\t<\/div>\n\t\t<\/div>\n\t\t\t\t<div class=\"elementor-column elementor-col-33 elementor-inner-column elementor-element elementor-element-aadedaf\" data-id=\"aadedaf\" data-element_type=\"column\" data-e-type=\"column\">\n\t\t\t<div class=\"elementor-widget-wrap elementor-element-populated\">\n\t\t\t\t\t\t<div class=\"elementor-element elementor-element-0f510e3 elementor-view-default elementor-position-block-start elementor-mobile-position-block-start elementor-widget elementor-widget-icon-box\" data-id=\"0f510e3\" data-element_type=\"widget\" data-e-type=\"widget\" data-widget_type=\"icon-box.default\">\n\t\t\t\t<div class=\"elementor-widget-container\">\n\t\t\t\t\t\t\t<div class=\"elementor-icon-box-wrapper\">\n\n\t\t\t\t\t\t<div class=\"elementor-icon-box-icon\">\n\t\t\t\t<a href=\"tel:+385%2091%20632%207349\" target=\"_blank\" class=\"elementor-icon\" tabindex=\"-1\" aria-label=\"Telefon\">\n\t\t\t\t<i aria-hidden=\"true\" class=\"fas fa-phone\"><\/i>\t\t\t\t<\/a>\n\t\t\t<\/div>\n\t\t\t\n\t\t\t\t\t\t<div class=\"elementor-icon-box-content\">\n\n\t\t\t\t\t\t\t\t\t<h5 class=\"elementor-icon-box-title\">\n\t\t\t\t\t\t<a href=\"tel:+385%2091%20632%207349\" target=\"_blank\" >\n\t\t\t\t\t\t\tTelefon\t\t\t\t\t\t<\/a>\n\t\t\t\t\t<\/h5>\n\t\t\t\t\n\t\t\t\t\t\t\t\t\t<p class=\"elementor-icon-box-description\">\n\t\t\t\t\t\t+385 91 632 7349\t\t\t\t\t<\/p>\n\t\t\t\t\n\t\t\t<\/div>\n\t\t\t\n\t\t<\/div>\n\t\t\t\t\t\t<\/div>\n\t\t\t\t<\/div>\n\t\t\t\t\t<\/div>\n\t\t<\/div>\n\t\t\t\t<div class=\"elementor-column elementor-col-33 elementor-inner-column elementor-element elementor-element-06f104a\" data-id=\"06f104a\" data-element_type=\"column\" data-e-type=\"column\">\n\t\t\t<div class=\"elementor-widget-wrap elementor-element-populated\">\n\t\t\t\t\t\t<div class=\"elementor-element elementor-element-e8d9a7c elementor-view-default elementor-position-block-start elementor-mobile-position-block-start elementor-widget elementor-widget-icon-box\" data-id=\"e8d9a7c\" data-element_type=\"widget\" data-e-type=\"widget\" data-widget_type=\"icon-box.default\">\n\t\t\t\t<div class=\"elementor-widget-container\">\n\t\t\t\t\t\t\t<div class=\"elementor-icon-box-wrapper\">\n\n\t\t\t\t\t\t<div class=\"elementor-icon-box-icon\">\n\t\t\t\t<a href=\"mailto:info@dalmatianpearls.com\" target=\"_blank\" class=\"elementor-icon\" tabindex=\"-1\" aria-label=\"E-mail\">\n\t\t\t\t<i aria-hidden=\"true\" class=\"fas fa-envelope\"><\/i>\t\t\t\t<\/a>\n\t\t\t<\/div>\n\t\t\t\n\t\t\t\t\t\t<div class=\"elementor-icon-box-content\">\n\n\t\t\t\t\t\t\t\t\t<h5 class=\"elementor-icon-box-title\">\n\t\t\t\t\t\t<a href=\"mailto:info@dalmatianpearls.com\" target=\"_blank\" >\n\t\t\t\t\t\t\tE-mail\t\t\t\t\t\t<\/a>\n\t\t\t\t\t<\/h5>\n\t\t\t\t\n\t\t\t\t\t\t\t\t\t<p class=\"elementor-icon-box-description\">\n\t\t\t\t\t\tinfo@dalmatianpearls.com\t\t\t\t\t<\/p>\n\t\t\t\t\n\t\t\t<\/div>\n\t\t\t\n\t\t<\/div>\n\t\t\t\t\t\t<\/div>\n\t\t\t\t<\/div>\n\t\t\t\t\t<\/div>\n\t\t<\/div>\n\t\t\t\t\t<\/div>\n\t\t<\/section>\n\t\t\t\t\t<\/div>\n\t\t<\/div>\n\t\t\t\t\t<\/div>\n\t\t<\/section>\n\t\t\t\t<\/div>\n\t\t","protected":false},"excerpt":{"rendered":"<p>Imate pitanje? Po\u0161aljite upit. Rado \u0107emo Vam pomo\u0107i i odgovoriti na Va\u0161e upite. Ozna\u010dite kako biste pristali na to da se va\u0161i podaci pohranjuju u skladu sa smjernicama navedenim u na\u0161im pravilima o privatnosti Adresa Sv. Duje 11a, b, c, 23212 Kraj, Hrvatska Telefon +385&#8230;<\/p>\n","protected":false},"author":1,"featured_media":583,"parent":0,"menu_order":0,"comment_status":"closed","ping_status":"closed","template":"full_width.php","meta":{"footnotes":""},"class_list":["post-135","page","type-page","status-publish","has-post-thumbnail","hentry"],"yoast_head":"<!-- This site is optimized with the Yoast SEO plugin v27.5 - https:\/\/yoast.com\/product\/yoast-seo-wordpress\/ -->\n<title>Kontakt | Dalmatian Pearls Deluxe Homes | Pa\u0161man Hrvatska<\/title>\n<meta name=\"description\" content=\"Kontaktirajte Dalmatian Pearls Deluxe Homes ukoliko imate bilokakva pitanja vezana uz objekt ili rezervaciju.\" \/>\n<meta name=\"robots\" content=\"index, follow, max-snippet:-1, max-image-preview:large, max-video-preview:-1\" \/>\n<link rel=\"canonical\" href=\"https:\/\/dalmatianpearls.com\/hr\/contact\/\" \/>\n<meta property=\"og:locale\" content=\"hr_HR\" \/>\n<meta property=\"og:type\" content=\"article\" \/>\n<meta property=\"og:title\" content=\"Kontakt | Dalmatian Pearls Deluxe Homes | Pa\u0161man Hrvatska\" \/>\n<meta property=\"og:description\" content=\"Kontaktirajte Dalmatian Pearls Deluxe Homes ukoliko imate bilokakva pitanja vezana uz objekt ili rezervaciju.\" \/>\n<meta property=\"og:url\" content=\"https:\/\/dalmatianpearls.com\/contact\/\" \/>\n<meta property=\"og:site_name\" content=\"Dalmatian Pearls\" \/>\n<meta property=\"article:modified_time\" content=\"2021-03-25T08:55:55+00:00\" \/>\n<meta property=\"og:image\" content=\"https:\/\/dalmatianpearls.com\/wp-content\/uploads\/2021\/02\/dalmatian-pearls-kraj-55.jpg\" \/>\n\t<meta property=\"og:image:width\" content=\"1920\" \/>\n\t<meta property=\"og:image:height\" content=\"1279\" \/>\n\t<meta property=\"og:image:type\" content=\"image\/jpeg\" \/>\n<meta name=\"twitter:card\" content=\"summary_large_image\" \/>\n<meta name=\"twitter:label1\" content=\"Procijenjeno vrijeme \u010ditanja\" \/>\n\t<meta name=\"twitter:data1\" content=\"2 minute\" \/>\n<script type=\"application\/ld+json\" class=\"yoast-schema-graph\">{\"@context\":\"https:\\\/\\\/schema.org\",\"@graph\":[{\"@type\":\"WebPage\",\"@id\":\"https:\\\/\\\/dalmatianpearls.com\\\/contact\\\/\",\"url\":\"https:\\\/\\\/dalmatianpearls.com\\\/contact\\\/\",\"name\":\"Kontakt | Dalmatian Pearls Deluxe Homes | Pa\u0161man Hrvatska\",\"isPartOf\":{\"@id\":\"https:\\\/\\\/dalmatianpearls.com\\\/#website\"},\"primaryImageOfPage\":{\"@id\":\"https:\\\/\\\/dalmatianpearls.com\\\/contact\\\/#primaryimage\"},\"image\":{\"@id\":\"https:\\\/\\\/dalmatianpearls.com\\\/contact\\\/#primaryimage\"},\"thumbnailUrl\":\"https:\\\/\\\/dalmatianpearls.com\\\/wp-content\\\/uploads\\\/2021\\\/02\\\/dalmatian-pearls-kraj-55.jpg\",\"datePublished\":\"2020-06-09T12:55:10+00:00\",\"dateModified\":\"2021-03-25T08:55:55+00:00\",\"description\":\"Kontaktirajte Dalmatian Pearls Deluxe Homes ukoliko imate bilokakva pitanja vezana uz objekt ili rezervaciju.\",\"breadcrumb\":{\"@id\":\"https:\\\/\\\/dalmatianpearls.com\\\/contact\\\/#breadcrumb\"},\"inLanguage\":\"hr\",\"potentialAction\":[{\"@type\":\"ReadAction\",\"target\":[\"https:\\\/\\\/dalmatianpearls.com\\\/contact\\\/\"]}]},{\"@type\":\"ImageObject\",\"inLanguage\":\"hr\",\"@id\":\"https:\\\/\\\/dalmatianpearls.com\\\/contact\\\/#primaryimage\",\"url\":\"https:\\\/\\\/dalmatianpearls.com\\\/wp-content\\\/uploads\\\/2021\\\/02\\\/dalmatian-pearls-kraj-55.jpg\",\"contentUrl\":\"https:\\\/\\\/dalmatianpearls.com\\\/wp-content\\\/uploads\\\/2021\\\/02\\\/dalmatian-pearls-kraj-55.jpg\",\"width\":1920,\"height\":1279},{\"@type\":\"BreadcrumbList\",\"@id\":\"https:\\\/\\\/dalmatianpearls.com\\\/contact\\\/#breadcrumb\",\"itemListElement\":[{\"@type\":\"ListItem\",\"position\":1,\"name\":\"Home\",\"item\":\"https:\\\/\\\/dalmatianpearls.com\\\/hr\\\/\"},{\"@type\":\"ListItem\",\"position\":2,\"name\":\"Kontakt\"}]},{\"@type\":\"WebSite\",\"@id\":\"https:\\\/\\\/dalmatianpearls.com\\\/#website\",\"url\":\"https:\\\/\\\/dalmatianpearls.com\\\/\",\"name\":\"Dalmatian Pearls\",\"description\":\"\",\"publisher\":{\"@id\":\"https:\\\/\\\/dalmatianpearls.com\\\/#organization\"},\"potentialAction\":[{\"@type\":\"SearchAction\",\"target\":{\"@type\":\"EntryPoint\",\"urlTemplate\":\"https:\\\/\\\/dalmatianpearls.com\\\/?s={search_term_string}\"},\"query-input\":{\"@type\":\"PropertyValueSpecification\",\"valueRequired\":true,\"valueName\":\"search_term_string\"}}],\"inLanguage\":\"hr\"},{\"@type\":\"Organization\",\"@id\":\"https:\\\/\\\/dalmatianpearls.com\\\/#organization\",\"name\":\"Dalmatian Pearls\",\"url\":\"https:\\\/\\\/dalmatianpearls.com\\\/\",\"logo\":{\"@type\":\"ImageObject\",\"inLanguage\":\"hr\",\"@id\":\"https:\\\/\\\/dalmatianpearls.com\\\/#\\\/schema\\\/logo\\\/image\\\/\",\"url\":\"https:\\\/\\\/dalmatianpearls.com\\\/wp-content\\\/uploads\\\/2021\\\/03\\\/dalmatian-pearls-logo.png\",\"contentUrl\":\"https:\\\/\\\/dalmatianpearls.com\\\/wp-content\\\/uploads\\\/2021\\\/03\\\/dalmatian-pearls-logo.png\",\"width\":215,\"height\":110,\"caption\":\"Dalmatian Pearls\"},\"image\":{\"@id\":\"https:\\\/\\\/dalmatianpearls.com\\\/#\\\/schema\\\/logo\\\/image\\\/\"}}]}<\/script>\n<!-- \/ Yoast SEO plugin. -->","yoast_head_json":{"title":"Kontakt | Dalmatian Pearls Deluxe Homes | Pa\u0161man Hrvatska","description":"Kontaktirajte Dalmatian Pearls Deluxe Homes ukoliko imate bilokakva pitanja vezana uz objekt ili rezervaciju.","robots":{"index":"index","follow":"follow","max-snippet":"max-snippet:-1","max-image-preview":"max-image-preview:large","max-video-preview":"max-video-preview:-1"},"canonical":"https:\/\/dalmatianpearls.com\/hr\/contact\/","og_locale":"hr_HR","og_type":"article","og_title":"Kontakt | Dalmatian Pearls Deluxe Homes | Pa\u0161man Hrvatska","og_description":"Kontaktirajte Dalmatian Pearls Deluxe Homes ukoliko imate bilokakva pitanja vezana uz objekt ili rezervaciju.","og_url":"https:\/\/dalmatianpearls.com\/contact\/","og_site_name":"Dalmatian Pearls","article_modified_time":"2021-03-25T08:55:55+00:00","og_image":[{"width":1920,"height":1279,"url":"https:\/\/dalmatianpearls.com\/wp-content\/uploads\/2021\/02\/dalmatian-pearls-kraj-55.jpg","type":"image\/jpeg"}],"twitter_card":"summary_large_image","twitter_misc":{"Procijenjeno vrijeme \u010ditanja":"2 minute"},"schema":{"@context":"https:\/\/schema.org","@graph":[{"@type":"WebPage","@id":"https:\/\/dalmatianpearls.com\/contact\/","url":"https:\/\/dalmatianpearls.com\/contact\/","name":"Kontakt | Dalmatian Pearls Deluxe Homes | Pa\u0161man Hrvatska","isPartOf":{"@id":"https:\/\/dalmatianpearls.com\/#website"},"primaryImageOfPage":{"@id":"https:\/\/dalmatianpearls.com\/contact\/#primaryimage"},"image":{"@id":"https:\/\/dalmatianpearls.com\/contact\/#primaryimage"},"thumbnailUrl":"https:\/\/dalmatianpearls.com\/wp-content\/uploads\/2021\/02\/dalmatian-pearls-kraj-55.jpg","datePublished":"2020-06-09T12:55:10+00:00","dateModified":"2021-03-25T08:55:55+00:00","description":"Kontaktirajte Dalmatian Pearls Deluxe Homes ukoliko imate bilokakva pitanja vezana uz objekt ili rezervaciju.","breadcrumb":{"@id":"https:\/\/dalmatianpearls.com\/contact\/#breadcrumb"},"inLanguage":"hr","potentialAction":[{"@type":"ReadAction","target":["https:\/\/dalmatianpearls.com\/contact\/"]}]},{"@type":"ImageObject","inLanguage":"hr","@id":"https:\/\/dalmatianpearls.com\/contact\/#primaryimage","url":"https:\/\/dalmatianpearls.com\/wp-content\/uploads\/2021\/02\/dalmatian-pearls-kraj-55.jpg","contentUrl":"https:\/\/dalmatianpearls.com\/wp-content\/uploads\/2021\/02\/dalmatian-pearls-kraj-55.jpg","width":1920,"height":1279},{"@type":"BreadcrumbList","@id":"https:\/\/dalmatianpearls.com\/contact\/#breadcrumb","itemListElement":[{"@type":"ListItem","position":1,"name":"Home","item":"https:\/\/dalmatianpearls.com\/hr\/"},{"@type":"ListItem","position":2,"name":"Kontakt"}]},{"@type":"WebSite","@id":"https:\/\/dalmatianpearls.com\/#website","url":"https:\/\/dalmatianpearls.com\/","name":"Dalmatian Pearls","description":"","publisher":{"@id":"https:\/\/dalmatianpearls.com\/#organization"},"potentialAction":[{"@type":"SearchAction","target":{"@type":"EntryPoint","urlTemplate":"https:\/\/dalmatianpearls.com\/?s={search_term_string}"},"query-input":{"@type":"PropertyValueSpecification","valueRequired":true,"valueName":"search_term_string"}}],"inLanguage":"hr"},{"@type":"Organization","@id":"https:\/\/dalmatianpearls.com\/#organization","name":"Dalmatian Pearls","url":"https:\/\/dalmatianpearls.com\/","logo":{"@type":"ImageObject","inLanguage":"hr","@id":"https:\/\/dalmatianpearls.com\/#\/schema\/logo\/image\/","url":"https:\/\/dalmatianpearls.com\/wp-content\/uploads\/2021\/03\/dalmatian-pearls-logo.png","contentUrl":"https:\/\/dalmatianpearls.com\/wp-content\/uploads\/2021\/03\/dalmatian-pearls-logo.png","width":215,"height":110,"caption":"Dalmatian Pearls"},"image":{"@id":"https:\/\/dalmatianpearls.com\/#\/schema\/logo\/image\/"}}]}},"_links":{"self":[{"href":"https:\/\/dalmatianpearls.com\/hr\/wp-json\/wp\/v2\/pages\/135","targetHints":{"allow":["GET"]}}],"collection":[{"href":"https:\/\/dalmatianpearls.com\/hr\/wp-json\/wp\/v2\/pages"}],"about":[{"href":"https:\/\/dalmatianpearls.com\/hr\/wp-json\/wp\/v2\/types\/page"}],"author":[{"embeddable":true,"href":"https:\/\/dalmatianpearls.com\/hr\/wp-json\/wp\/v2\/users\/1"}],"replies":[{"embeddable":true,"href":"https:\/\/dalmatianpearls.com\/hr\/wp-json\/wp\/v2\/comments?post=135"}],"version-history":[{"count":5,"href":"https:\/\/dalmatianpearls.com\/hr\/wp-json\/wp\/v2\/pages\/135\/revisions"}],"predecessor-version":[{"id":1111,"href":"https:\/\/dalmatianpearls.com\/hr\/wp-json\/wp\/v2\/pages\/135\/revisions\/1111"}],"wp:featuredmedia":[{"embeddable":true,"href":"https:\/\/dalmatianpearls.com\/hr\/wp-json\/wp\/v2\/media\/583"}],"wp:attachment":[{"href":"https:\/\/dalmatianpearls.com\/hr\/wp-json\/wp\/v2\/media?parent=135"}],"curies":[{"name":"wp","href":"https:\/\/api.w.org\/{rel}","templated":true}]}}